{"id":2,"date":"2020-05-22T12:24:31","date_gmt":"2020-05-22T12:24:31","guid":{"rendered":"https:\/\/xolowebsites.com\/elementor\/demo-4\/?page_id=2"},"modified":"2020-06-24T23:22:13","modified_gmt":"2020-06-24T23:22:13","slug":"sample-page","status":"publish","type":"page","link":"https:\/\/kanka-umzuege.de\/?page_id=2","title":{"rendered":"Impressum"},"content":{"rendered":"\n<h1 class=\"has-very-dark-gray-color has-text-color wp-block-heading\">Impressum<\/h1>\n\n\n\n<p class=\"has-text-color has-very-dark-gray-color\">ImpressumAngaben gem\u00e4\u00df \u00a7 5 TMGDaniel KankaKanka Umz\u00fcge und Entr\u00fcmpelungen<\/p>\n\n\n\n<p class=\"has-text-color has-very-dark-gray-color\">Runtrudstrasse, 14<\/p>\n\n\n\n<p class=\"has-text-color has-very-dark-gray-color\">55299 Nackenheim<\/p>\n\n\n\n<p class=\"has-text-color has-very-dark-gray-color\">KontaktTelefon: 01754608633<\/p>\n\n\n\n<p class=\"has-text-color has-very-dark-gray-color\">E-Mail: d.kanka@gmx.de<\/p>\n\n\n\n<p class=\"has-text-color has-very-dark-gray-color\">Umsatzsteuer-IDUmsatzsteuer-Identifikationsnummer gem\u00e4\u00df \u00a7 27 a Umsatzsteuergesetz:DE273647000<\/p>\n\n\n\n<p class=\"has-text-color has-very-dark-gray-color\">Berufsbezeichnung und berufsrechtliche RegelungenBerufsbezeichnung: M\u00f6belspediteur<\/p>\n\n\n\n<p class=\"has-text-color has-very-dark-gray-color\">Zust\u00e4ndige Kammer: IHK Mainz<\/p>\n\n\n\n<p class=\"has-text-color has-very-dark-gray-color\">Verliehen durch: Deutschland<\/p>\n\n\n\n<p class=\"has-text-color has-very-dark-gray-color\">Es gelten folgende berufsrechtliche Regelungen:Regelungen einsehbar unter:http:\/\/Angaben zur BerufshaftpflichtversicherungName und Sitz des Versicherers:ARAG Allgemeine Versicherungs-AGARAG Platz 140472 D\u00fcsseldorfGeltungsraum der Versicherung:Weltweit 2 \/ 4<\/p>\n\n\n\n<p class=\"has-text-color has-very-dark-gray-color\">EU-StreitschlichtungDie Europ\u00e4ische Kommission stellt eine Plattform zur Online-Streitbeilegung (OS) bereit:https:\/\/ec.europa.eu\/consumers\/odr.Unsere E-Mail-Adresse finden Sie oben im Impressum.Verbraucherstreitbeilegung\/UniversalschlichtungsstelleWir sind nicht bereit oder verpflichtet, an Streitbeilegungsverfahren vor einerVerbraucherschlichtungsstelle teilzunehmen.Haftung f\u00fcr InhalteAls Diensteanbieter sind wir gem\u00e4\u00df \u00a7 7 Abs.1 TMG f\u00fcr eigene Inhalte auf diesen Seiten nach denallgemeinen Gesetzen verantwortlich. Nach \u00a7\u00a7 8 bis 10 TMG sind wir als Diensteanbieter jedoch nichtverpflichtet, \u00fcbermittelte oder gespeicherte fremde Informationen zu \u00fcberwachen oder nach Umst\u00e4nden zuforschen, die auf eine rechtswidrige T\u00e4tigkeit hinweisen.Verpflichtungen zur Entfernung oder Sperrung der Nutzung von Informationen nach den allgemeinenGesetzen bleiben hiervon unber\u00fchrt. Eine diesbez\u00fcgliche Haftung ist jedoch erst ab dem Zeitpunkt derKenntnis einer konkreten Rechtsverletzung m\u00f6glich. Bei Bekanntwerden von entsprechendenRechtsverletzungen werden wir diese Inhalte umgehend entfernen.Haftung f\u00fcr LinksUnser Angebot enth\u00e4lt Links zu externen Websites Dritter, auf deren Inhalte wir keinen Einfluss haben.Deshalb k\u00f6nnen wir f\u00fcr diese fremden Inhalte auch keine Gew\u00e4hr \u00fcbernehmen. F\u00fcr die Inhalte derverlinkten Seiten ist stets der jeweilige Anbieter oder Betreiber der Seiten verantwortlich. Die verlinktenSeiten wurden zum Zeitpunkt der Verlinkung auf m\u00f6gliche Rechtsverst\u00f6\u00dfe \u00fcberpr\u00fcft. Rechtswidrige Inhaltewaren zum Zeitpunkt der Verlinkung nicht erkennbar.Eine permanente inhaltliche Kontrolle der verlinkten Seiten ist jedoch ohne konkrete Anhaltspunkte einerRechtsverletzung nicht zumutbar. Bei Bekanntwerden von Rechtsverletzungen werden wir derartige Linksumgehend entfernen.UrheberrechtDie durch die Seitenbetreiber erstellten Inhalte und Werke auf diesen Seiten unterliegen dem deutschenUrheberrecht. Die Vervielf\u00e4ltigung, Bearbeitung, Verbreitung und jede Art der Verwertung au\u00dferhalb derGrenzen des Urheberrechtes bed\u00fcrfen der schriftlichen Zustimmung des jeweiligen Autors bzw. Erstellers.Downloads und Kopien dieser Seite sind nur f\u00fcr den privaten, nicht kommerziellen Gebrauch gestattet.Soweit die Inhalte auf dieser Seite nicht vom Betreiber erstellt wurden, werden die Urheberrechte Dritterbeachtet. Insbesondere werden Inhalte Dritter als solche gekennzeichnet. Sollten Sie trotzdem auf eineUrheberrechtsverletzung aufmerksam werden, bitten wir um einen entsprechenden Hinweis. BeiBekanntwerden von Rechtsverletzungen werden wir derartige Inhalte umgehend entfernen.Quelle:eRecht24 3 \/ 4<\/p>\n","protected":false},"excerpt":{"rendered":"<p>Impressum ImpressumAngaben gem\u00e4\u00df \u00a7 5 TMGDaniel KankaKanka Umz\u00fcge und Entr\u00fcmpelungen Runtrudstrasse, 14 55299 Nackenheim KontaktTelefon: 01754608633 E-Mail: d.kanka@gmx.de Umsatzsteuer-IDUmsatzsteuer-Identifikationsnummer gem\u00e4\u00df \u00a7 27 a Umsatzsteuergesetz:DE273647000 Berufsbezeichnung und berufsrechtliche RegelungenBerufsbezeichnung: M\u00f6belspediteur Zust\u00e4ndige&hellip;<\/p>\n","protected":false},"author":1,"featured_media":0,"parent":0,"menu_order":0,"comment_status":"closed","ping_status":"closed","template":"","meta":{"footnotes":""},"class_list":["post-2","page","type-page","status-publish","hentry"],"_links":{"self":[{"href":"https:\/\/kanka-umzuege.de\/index.php?rest_route=\/wp\/v2\/pages\/2","targetHints":{"allow":["GET"]}}],"collection":[{"href":"https:\/\/kanka-umzuege.de\/index.php?rest_route=\/wp\/v2\/pages"}],"about":[{"href":"https:\/\/kanka-umzuege.de\/index.php?rest_route=\/wp\/v2\/types\/page"}],"author":[{"embeddable":true,"href":"https:\/\/kanka-umzuege.de\/index.php?rest_route=\/wp\/v2\/users\/1"}],"replies":[{"embeddable":true,"href":"https:\/\/kanka-umzuege.de\/index.php?rest_route=%2Fwp%2Fv2%2Fcomments&post=2"}],"version-history":[{"count":3,"href":"https:\/\/kanka-umzuege.de\/index.php?rest_route=\/wp\/v2\/pages\/2\/revisions"}],"predecessor-version":[{"id":1638,"href":"https:\/\/kanka-umzuege.de\/index.php?rest_route=\/wp\/v2\/pages\/2\/revisions\/1638"}],"wp:attachment":[{"href":"https:\/\/kanka-umzuege.de\/index.php?rest_route=%2Fwp%2Fv2%2Fmedia&parent=2"}],"curies":[{"name":"wp","href":"https:\/\/api.w.org\/{rel}","templated":true}]}}